{"id":393,"date":"2021-12-12T08:17:00","date_gmt":"2021-12-12T07:17:00","guid":{"rendered":"http:\/\/www.hotel-voldenuit.com\/WP\/?page_id=393"},"modified":"2025-05-05T12:36:32","modified_gmt":"2025-05-05T10:36:32","slug":"conditions","status":"publish","type":"page","link":"https:\/\/www.hotel-voldenuit.com\/WP\/conditions\/","title":{"rendered":"CONDITIONS"},"content":{"rendered":"<p><img loading=\"lazy\" decoding=\"async\" class=\"aligncenter wp-image-222\" src=\"http:\/\/www.hotel-voldenuit.com\/WP\/wp-content\/uploads\/2017\/11\/IMG_4345-e1509650664942.jpg\" alt=\"\" width=\"2000\" height=\"536\" \/><\/p>\r\n<p><strong>Horaires d&rsquo;ouvertures:<\/strong><\/p>\r\n<p>La r\u00e9ception est ouverte de 6h30 \u00e0 23h30.<\/p>\r\n<hr \/>\r\n<p><strong>Arriv\u00e9es \/ D\u00e9parts:<\/strong><\/p>\r\n<p>Les chambres sont disponibles \u00e0 partir de 15h.<\/p>\r\n<p>Les d\u00e9parts doivent avoir lieu \u00e0 11h au plus tard<\/p>\r\n<hr \/>\r\n<p><strong>Conditions de r\u00e9servation et d&rsquo;annulation:<\/strong><\/p>\r\n<p><span style=\"text-decoration: underline;\">Tarif Remboursable ou \u00e9tape<\/span>: le paiement se fait sur place, l&rsquo;annulation est gratuite jusqu&rsquo;\u00e0 la veille. En cas d&rsquo;annulation ou de modification tardive (le jour m\u00eame) ou de non-pr\u00e9sentation, le montant de la nuit est d\u00fb (en cas de non-pr\u00e9sentation le reste du s\u00e9jour est annul\u00e9).<\/p>\r\n<p><span style=\"text-decoration: underline;\">Tarif Non-remboursable<\/span>: la r\u00e9servation est \u00e0 payer au moment de la r\u00e9servation, il s&rsquo;agit d&rsquo;un tarif pr\u00e9-pay\u00e9 non modifiable et non-remboursable, en cas de modification ou d&rsquo;annulation, le montant total du s\u00e9jour est d\u00fb (en cas de non-pr\u00e9sentation le reste du s\u00e9jour est annul\u00e9).<\/p>\r\n<p>Pour les s\u00e9jours de 7 nuit\u00e9es ou plus, 30% du montant du s\u00e9jour devra \u00eatre vers\u00e9 en arrhes \u00e0 la r\u00e9servation. L&rsquo;annulation est gratuite jusqu&rsquo;\u00e0 15 jours avant la date d&rsquo;arriv\u00e9e (les arrhes seront rembours\u00e9es en cas d&rsquo;annulation plus de 15 jours avant l&rsquo;arriv\u00e9e). En cas d&rsquo;annulation ou de modification tardive (moins de 15 jours avant la date d&rsquo;arriv\u00e9e), les arrhes sont conserv\u00e9es au titre des frais d&rsquo;annulation. En cas de non-pr\u00e9sentation, ou d&rsquo;annulation le jour de l&rsquo;arriv\u00e9e, le montant total de la r\u00e9servation est d\u00fb.<\/p>\r\n<hr \/>\r\n<p><strong>Cartes bancaires<\/strong>:<\/p>\r\n<p>Votre num\u00e9ro de carte bancaire est n\u00e9cessaire \u00e0 la r\u00e9servation, il est stock\u00e9 de fa\u00e7on s\u00e9curis\u00e9e et n&rsquo;est pas conserv\u00e9 au del\u00e0 de votre d\u00e9part.<\/p>\r\n<p>Dans le cas d&rsquo;un tarif remboursable, le paiement sur fait sur place lors de votre arriv\u00e9e, des frais peuvent \u00eatre pr\u00e9lev\u00e9s uniquement en cas d&rsquo;annulation tardive.<\/p>\r\n<p>Dans le cas d&rsquo;un tarif non-remboursable, la carte bancaire fournie \u00e0 la r\u00e9servation sert \u00e0 effectuer le paiement du montant de votre s\u00e9jour.<\/p>\r\n<hr class=\"wp-block-separator\" \/>\r\n\r\n\r\n<p><strong>Animaux<\/strong>:<\/p>\r\n\r\n\r\n\r\n<p>Malgr\u00e9 tout l&rsquo;amour que nous avons pour eux, les animaux ne sont pas autoris\u00e9s dans l&rsquo;\u00e9tablissement, notamment du fait de la proximit\u00e9 avec le restaurant.<\/p>\r\n","protected":false},"excerpt":{"rendered":"<p>Horaires d&rsquo;ouvertures: La r\u00e9ception est ouverte de 6h30 \u00e0 23h30. Arriv\u00e9es \/ D\u00e9parts: Les chambres sont disponibles \u00e0 partir de 15h. Les d\u00e9parts doivent avoir lieu \u00e0 11h au plus tard Conditions de r\u00e9servation et d&rsquo;annulation: Tarif Remboursable ou \u00e9tape:<\/p>\n","protected":false},"author":1,"featured_media":0,"parent":0,"menu_order":0,"comment_status":"closed","ping_status":"closed","template":"","meta":{"footnotes":""},"class_list":["post-393","page","type-page","status-publish","hentry"],"jetpack_sharing_enabled":true,"_links":{"self":[{"href":"https:\/\/www.hotel-voldenuit.com\/WP\/wp-json\/wp\/v2\/pages\/393","targetHints":{"allow":["GET"]}}],"collection":[{"href":"https:\/\/www.hotel-voldenuit.com\/WP\/wp-json\/wp\/v2\/pages"}],"about":[{"href":"https:\/\/www.hotel-voldenuit.com\/WP\/wp-json\/wp\/v2\/types\/page"}],"author":[{"embeddable":true,"href":"https:\/\/www.hotel-voldenuit.com\/WP\/wp-json\/wp\/v2\/users\/1"}],"replies":[{"embeddable":true,"href":"https:\/\/www.hotel-voldenuit.com\/WP\/wp-json\/wp\/v2\/comments?post=393"}],"version-history":[{"count":10,"href":"https:\/\/www.hotel-voldenuit.com\/WP\/wp-json\/wp\/v2\/pages\/393\/revisions"}],"predecessor-version":[{"id":604,"href":"https:\/\/www.hotel-voldenuit.com\/WP\/wp-json\/wp\/v2\/pages\/393\/revisions\/604"}],"wp:attachment":[{"href":"https:\/\/www.hotel-voldenuit.com\/WP\/wp-json\/wp\/v2\/media?parent=393"}],"curies":[{"name":"wp","href":"https:\/\/api.w.org\/{rel}","templated":true}]}}