{"id":2,"date":"2017-10-31T17:57:39","date_gmt":"2017-10-31T16:57:39","guid":{"rendered":"http:\/\/www.hotel-voldenuit.com\/WP\/?page_id=2"},"modified":"2025-10-07T22:07:17","modified_gmt":"2025-10-07T20:07:17","slug":"page-d-exemple","status":"publish","type":"page","link":"https:\/\/www.hotel-voldenuit.com\/WP\/","title":{"rendered":"Accueil Hotel Vol de Nuit &#8211; Toulouse Purpan Z\u00e9nith"},"content":{"rendered":"<p class=\"text-align-justify \">Id\u00e9alement situ\u00e9 sur le rond point de l\u2019h\u00f4pital Purpan,<br \/>\n\u00e0 5 minutes de l\u2019a\u00e9roport Toulouse Blagnac, du Z\u00e9nith et \u00e0 proximit\u00e9 imm\u00e9diate de la rocade,<br \/>\nl\u2019<strong>H\u00f4tel Vol de Nuit Toulouse<\/strong>\u00a0vous propose un h\u00e9bergement de qualit\u00e9 dans ses 20 chambres r\u00e9nov\u00e9es et un <strong>parking gratuit<\/strong>.<br \/>\nNotre restaurant italien <a href=\"https:\/\/www.pizzabella-toulouse.fr\">PizzaBella<\/a> vous accueille \u00e9galement du Lundi au Vendredi midi et soir pour vos repas, des formules \u00ab \u00e9tapes \u00bb sont propos\u00e9es sur demande.<\/p>\n<p class=\"text-align-justify\">L\u2019h\u00f4tel est accessible pour les personnes \u00e0 mobilit\u00e9 r\u00e9duite et toutes les chambres sont climatis\u00e9es.<\/p>\n<div class=\"thais_calendar_widget\" align=\"center\" data-instance=\"voldenuit\" data-nb-months=\"2\"><\/div>\n<p style=\"text-align: center;\"><a href=\"http:\/\/voldenuit.thais-hotel.com\/thaishotel\/website\/reservations.php\" target=\"_blank\" rel=\"noopener noreferrer\"><img loading=\"lazy\" decoding=\"async\" class=\"alignnone wp-image-356 size-medium\" src=\"http:\/\/www.hotel-voldenuit.com\/WP\/wp-content\/uploads\/2017\/11\/Bouton-re\u0301server-e1510352193892.jpg\" alt=\"\" width=\"300\" height=\"67\" \/><\/a><\/p>\n","protected":false},"excerpt":{"rendered":"<p>Id\u00e9alement situ\u00e9 sur le rond point de l\u2019h\u00f4pital Purpan, \u00e0 5 minutes de l\u2019a\u00e9roport Toulouse Blagnac, du Z\u00e9nith et \u00e0 proximit\u00e9 imm\u00e9diate de la rocade, l\u2019H\u00f4tel Vol de Nuit Toulouse\u00a0vous propose un h\u00e9bergement de qualit\u00e9 dans ses 20 chambres r\u00e9nov\u00e9es<\/p>\n","protected":false},"author":1,"featured_media":0,"parent":0,"menu_order":0,"comment_status":"closed","ping_status":"open","template":"","meta":{"footnotes":""},"class_list":["post-2","page","type-page","status-publish","hentry"],"jetpack_sharing_enabled":true,"_links":{"self":[{"href":"https:\/\/www.hotel-voldenuit.com\/WP\/wp-json\/wp\/v2\/pages\/2","targetHints":{"allow":["GET"]}}],"collection":[{"href":"https:\/\/www.hotel-voldenuit.com\/WP\/wp-json\/wp\/v2\/pages"}],"about":[{"href":"https:\/\/www.hotel-voldenuit.com\/WP\/wp-json\/wp\/v2\/types\/page"}],"author":[{"embeddable":true,"href":"https:\/\/www.hotel-voldenuit.com\/WP\/wp-json\/wp\/v2\/users\/1"}],"replies":[{"embeddable":true,"href":"https:\/\/www.hotel-voldenuit.com\/WP\/wp-json\/wp\/v2\/comments?post=2"}],"version-history":[{"count":66,"href":"https:\/\/www.hotel-voldenuit.com\/WP\/wp-json\/wp\/v2\/pages\/2\/revisions"}],"predecessor-version":[{"id":732,"href":"https:\/\/www.hotel-voldenuit.com\/WP\/wp-json\/wp\/v2\/pages\/2\/revisions\/732"}],"wp:attachment":[{"href":"https:\/\/www.hotel-voldenuit.com\/WP\/wp-json\/wp\/v2\/media?parent=2"}],"curies":[{"name":"wp","href":"https:\/\/api.w.org\/{rel}","templated":true}]}}