{"id":130,"date":"2017-11-06T15:37:44","date_gmt":"2017-11-06T14:37:44","guid":{"rendered":"http:\/\/www.hotel-voldenuit.com\/WP\/?page_id=130"},"modified":"2025-10-07T22:11:34","modified_gmt":"2025-10-07T20:11:34","slug":"tarifs-et-prestations","status":"publish","type":"page","link":"http:\/\/www.hotel-voldenuit.com\/WP\/tarifs-et-prestations\/","title":{"rendered":"TARIFS ET PRESTATIONS"},"content":{"rendered":"<p><img loading=\"lazy\" decoding=\"async\" class=\"aligncenter wp-image-441 size-full\" title=\"petit d\u00e9jeuner en buffet\" src=\"http:\/\/www.hotel-voldenuit.com\/WP\/wp-content\/uploads\/2020\/01\/IMG_4636-rs2-e1580406787199.jpg\" alt=\"petit d\u00e9jeuner en buffet\" width=\"5184\" height=\"2047\" srcset=\"http:\/\/www.hotel-voldenuit.com\/WP\/wp-content\/uploads\/2020\/01\/IMG_4636-rs2-e1580406787199.jpg 5184w, http:\/\/www.hotel-voldenuit.com\/WP\/wp-content\/uploads\/2020\/01\/IMG_4636-rs2-e1580406787199-300x118.jpg 300w, http:\/\/www.hotel-voldenuit.com\/WP\/wp-content\/uploads\/2020\/01\/IMG_4636-rs2-e1580406787199-768x303.jpg 768w, http:\/\/www.hotel-voldenuit.com\/WP\/wp-content\/uploads\/2020\/01\/IMG_4636-rs2-e1580406787199-1024x404.jpg 1024w\" sizes=\"auto, (max-width: 5184px) 100vw, 5184px\" \/><\/p>\n<p><strong style=\"font-size: inherit;\">Chambre confort:<\/strong> <span style=\"color: #000080;\">prix maximum <strong>75\u20ac<\/strong><\/span><\/p>\n<p><strong>Chambre Sup\u00e9rieure:<\/strong> <span style=\"color: #000080;\">prix maximum <strong>80\u20ac<\/strong><\/span><\/p>\n<p><strong>Suite Junior:<\/strong> <span style=\"color: #000080;\">prix maximum <strong>95<\/strong><strong>\u20ac<\/strong><\/span><\/p>\n<p><em>Pour conna\u00eetre le prix de votre s\u00e9jour, veuillez vous rendre sur <a href=\"http:\/\/voldenuit.thais-hotel.com\/thaishotel\/website\/reservations.php\" target=\"_blank\" rel=\"noopener noreferrer\">notre page de r\u00e9servation<\/a><\/em><\/p>\n<p><em>Taxe de s\u00e9jour: 1,44\u20ac par jour et par personne<\/em><\/p>\n<p style=\"text-align: center;\"><a href=\"http:\/\/voldenuit.thais-hotel.com\/thaishotel\/website\/reservations.php\" target=\"_blank\" rel=\"noopener noreferrer\"><img loading=\"lazy\" decoding=\"async\" class=\"aligncenter wp-image-163 size-medium\" src=\"http:\/\/www.hotel-voldenuit.com\/WP\/wp-content\/uploads\/2017\/11\/Bouton-re\u0301server-e1510352193892-300x67.jpg\" alt=\"\" width=\"300\" height=\"67\" srcset=\"http:\/\/www.hotel-voldenuit.com\/WP\/wp-content\/uploads\/2017\/11\/Bouton-re\u0301server-e1510352193892-300x67.jpg 300w, http:\/\/www.hotel-voldenuit.com\/WP\/wp-content\/uploads\/2017\/11\/Bouton-re\u0301server-e1510352193892-768x173.jpg 768w, http:\/\/www.hotel-voldenuit.com\/WP\/wp-content\/uploads\/2017\/11\/Bouton-re\u0301server-e1510352193892-1024x230.jpg 1024w\" sizes=\"auto, (max-width: 300px) 100vw, 300px\" \/><\/a><\/p>\n<hr \/>\n<p><strong>Petit D\u00e9jeuner:\u00a0<\/strong>buffet de c\u00e9r\u00e9ales, viennoiseries, boissons chaudes et froides, yaourts, charcuterie, fromage\u00a0<strong>10,5\u20ac<\/strong><\/p>\n<p><strong>Diner Etape:<\/strong> Entr\u00e9e + Plat + Dessert et boisson sur la base du Menu du Soir \u00e0 tarif pr\u00e9f\u00e9rentiel dans notre restaurant <a href=\"http:\/\/www.lelusso.com\">Le Lusso<\/a>\u00a0<span style=\"color: #000080;\"><strong>30\u20ac<\/strong><\/span><\/p>\n<hr \/>\n<p><strong>Lit b\u00e9b\u00e9<\/strong>: <span style=\"color: #000080;\"><strong>+5\u20ac<\/strong><\/span> par nuit (uniquement disponible en suite Junior ou chambre Sup\u00e9rieure)<\/p>\n<p><strong>Suppl\u00e9ment chambre 3 ou 4 personnes:<\/strong> <span style=\"color: #000080;\"><strong>+10\u20ac<\/strong><\/span> (uniquement pour les Suite Junior)<\/p>\n<hr \/>\n<p><strong>D\u00e9part tardif 13h (au lieu de 11h) : <span style=\"color: #000080;\">+15\u20ac<\/span><br \/>\n<\/strong><strong>D\u00e9part tardif 15h (au lieu de 11h) : <span style=\"color: #000080;\">+30\u20ac<\/span>\u00a0<\/strong><\/p>\n<p><strong>Arriv\u00e9e anticip\u00e9e 10h00 (au lieu de 15h00) <span style=\"color: #000080;\">+15\u20ac<\/span>\u00a0<\/strong><\/p>\n<hr \/>\n<p>&nbsp;<\/p>\n<p><strong>Parking<\/strong>: inclus sans suppl\u00e9ment (+10\u20ac par jour si vous souhaitez laisser un v\u00e9hicule au del\u00e0 de votre s\u00e9jour)<\/p>\n<p><strong>Recharge v\u00e9hicule:<\/strong> (sur demande puissance 7,4kW)<strong><br \/>\n<\/strong><strong>&#8211; v\u00e9hicule \u00e9lectrique: <\/strong>forfait nuit 15\u20ac<br \/>\n<strong>&#8211; v\u00e9hicule hybride: <\/strong>forfait nuit 5\u20ac<\/p>\n<p><strong>WiFi<\/strong>: inclus sans suppl\u00e9ment<\/p>\n<hr \/>\n<p><strong>Frais divers<\/strong>:<\/p>\n<ul>\n<li>non-restitution des cl\u00e9s de chambre: 20\u20ac<\/li>\n<li>non-restitution d&rsquo;un s\u00e8che-cheveux: 40\u20ac<\/li>\n<li>non-restitution d&rsquo;un fer \u00e0 repasser: 40\u20ac<\/li>\n<li>t\u00e9l\u00e9commande TV: 25\u20ac<\/li>\n<li>t\u00e9l\u00e9commande climatisation: 80\u20ac<\/li>\n<li>coussin: 20\u20ac<\/li>\n<li>couette: 100\u20ac<\/li>\n<li>cadre: 50\u20ac<\/li>\n<li>serviette ou tapis de bain: 20\u20ac<\/li>\n<li>forfait remise en \u00e9tat chambre tr\u00e8s sale: 50\u20ac<\/li>\n<\/ul>\n","protected":false},"excerpt":{"rendered":"<p>Chambre confort: prix maximum 75\u20ac Chambre Sup\u00e9rieure: prix maximum 80\u20ac Suite Junior: prix maximum 95\u20ac Pour conna\u00eetre le prix de votre s\u00e9jour, veuillez vous rendre sur notre page de r\u00e9servation Taxe de s\u00e9jour: 1,44\u20ac par jour et par personne Petit<\/p>\n","protected":false},"author":1,"featured_media":0,"parent":0,"menu_order":0,"comment_status":"closed","ping_status":"closed","template":"","meta":{"footnotes":""},"class_list":["post-130","page","type-page","status-publish","hentry"],"jetpack_sharing_enabled":true,"_links":{"self":[{"href":"http:\/\/www.hotel-voldenuit.com\/WP\/wp-json\/wp\/v2\/pages\/130","targetHints":{"allow":["GET"]}}],"collection":[{"href":"http:\/\/www.hotel-voldenuit.com\/WP\/wp-json\/wp\/v2\/pages"}],"about":[{"href":"http:\/\/www.hotel-voldenuit.com\/WP\/wp-json\/wp\/v2\/types\/page"}],"author":[{"embeddable":true,"href":"http:\/\/www.hotel-voldenuit.com\/WP\/wp-json\/wp\/v2\/users\/1"}],"replies":[{"embeddable":true,"href":"http:\/\/www.hotel-voldenuit.com\/WP\/wp-json\/wp\/v2\/comments?post=130"}],"version-history":[{"count":29,"href":"http:\/\/www.hotel-voldenuit.com\/WP\/wp-json\/wp\/v2\/pages\/130\/revisions"}],"predecessor-version":[{"id":733,"href":"http:\/\/www.hotel-voldenuit.com\/WP\/wp-json\/wp\/v2\/pages\/130\/revisions\/733"}],"wp:attachment":[{"href":"http:\/\/www.hotel-voldenuit.com\/WP\/wp-json\/wp\/v2\/media?parent=130"}],"curies":[{"name":"wp","href":"https:\/\/api.w.org\/{rel}","templated":true}]}}